{"id":2142,"date":"2022-02-15T14:21:38","date_gmt":"2022-02-15T13:21:38","guid":{"rendered":"https:\/\/www.certify-gmbh.de\/imprint\/"},"modified":"2026-02-27T16:38:38","modified_gmt":"2026-02-27T15:38:38","slug":"imprint","status":"publish","type":"page","link":"https:\/\/www.certify-gmbh.de\/en\/imprint\/","title":{"rendered":"Imprint"},"content":{"rendered":"\t\t<div data-elementor-type=\"wp-page\" data-elementor-id=\"2142\" class=\"elementor elementor-2142 elementor-583\" data-elementor-post-type=\"page\">\n\t\t\t\t\t\t<section class=\"elementor-section elementor-top-section elementor-element elementor-element-6ccf47a elementor-section-boxed elementor-section-height-default elementor-section-height-default\" data-id=\"6ccf47a\" data-element_type=\"section\" data-e-type=\"section\">\n\t\t\t\t\t\t<div class=\"elementor-container elementor-column-gap-default\">\n\t\t\t\t\t<div class=\"elementor-column elementor-col-100 elementor-top-column elementor-element elementor-element-7439ef6\" data-id=\"7439ef6\" data-element_type=\"column\" data-e-type=\"column\">\n\t\t\t<div class=\"elementor-widget-wrap elementor-element-populated\">\n\t\t\t\t\t\t<div class=\"elementor-element elementor-element-0431ae3 elementor-widget elementor-widget-text-editor\" data-id=\"0431ae3\" data-element_type=\"widget\" data-e-type=\"widget\" data-widget_type=\"text-editor.default\">\n\t\t\t\t<div class=\"elementor-widget-container\">\n\t\t\t\t\t\t\t\t\t<p><strong>CY Certify GmbH<\/strong><br>K\u00f6lnstra\u00dfe 235<br>50321 Br\u00fchl<br>Germany<\/p>\n<p>Phone: 02131 &#8211; 15 16 17 0<br>E-Mail: <a href=\"mailto:info@certify-gmbh.de\">info@certify-gmbh.de<\/a><\/p>\n<p>Board of CEOs:<br>Benedict Conrad, Daniela Sonntag, Thilo Rast<br>HRB 116476 Court: Cologne<br>VAT ID: DE 330166108<\/p>\n<h2>Liability for contents<\/h2>\n<p>The contents of our pages were created with the utmost care. However, we cannot guarantee the accuracy, completeness and timeliness of the content. As a service provider, we are responsible for our own content on these pages. However, as a service provider, we are not obligated to monitor transmitted or stored third-party information or to investigate circumstances that indicate unlawful activity.  Obligations to remove or block the use of information under the general laws remain unaffected. However, liability in this regard is only possible from the point in time at which a concrete infringement of the law becomes known. If we become aware of any such infringements, we will remove the relevant content immediately.<\/p>\n<h2>Liability for links<\/h2>\n<p>Our offer contains links to external websites of third parties, on whose contents we have no influence. Therefore, we cannot assume any liability for these external contents. The respective provider or operator of the pages is always responsible for the content of the linked pages. The linked pages were checked for possible legal violations at the time of linking. Illegal contents were not recognizable at the time of linking. However, a permanent control of the contents of the linked pages is not reasonable without concrete evidence of a violation of the law. If we become aware of any infringements, we will remove such links immediately.<\/p>\n<h2>Copyright<\/h2>\n<p>The content and works created by the site operators on these pages are subject to German copyright law. Duplication, processing, distribution, or any form of commercialization of such material beyond the scope of the copyright law shall require the prior written consent of its respective author or creator. Downloads and copies of this site are only permitted for private, non-commercial use. If you become aware of any copyright infringement, please inform us accordingly. If we become aware of any infringements, we will remove such content immediately.<\/p>\t\t\t\t\t\t\t\t<\/div>\n\t\t\t\t<\/div>\n\t\t\t\t<div class=\"elementor-element elementor-element-a6fb452 elementor-widget elementor-widget-text-editor\" data-id=\"a6fb452\" data-element_type=\"widget\" data-e-type=\"widget\" id=\"bildnachweise\" data-widget_type=\"text-editor.default\">\n\t\t\t\t<div class=\"elementor-widget-container\">\n\t\t\t\t\t\t\t\t\t<h2>Picture credits<\/h2><p style=\"margin: 0cm; background-image: initial; background-position: initial; background-size: initial; background-repeat: initial; background-attachment: initial; background-origin: initial; background-clip: initial;\"><span style=\"font-size: 11.5pt;\">Startseite \/ Headerbild | Adobe Stock, 308674611 \u00a9 Tr3<br>Was ist EPR? | Adobe Stock, 456758690 \u00a9 Tarokmew<br>WEEE \/ Elektro | Adobe Stock, 451621355 \u00a9 Dilok<br>Verpackung | Adobe Stock, 301017800 \u00a9 tostphoto <\/span><\/p><p style=\"margin: 0cm; background-image: initial; background-position: initial; background-size: initial; background-repeat: initial; background-attachment: initial; background-origin: initial; background-clip: initial;\"><span style=\"font-size: 11.5pt;\">Batterie |<\/span> <span style=\"font-size: 11.5pt;\">Stock-Foto, 21359315452135931545 \u00a9 hodim<\/span><\/p><p style=\"margin: 0cm; background-image: initial; background-position: initial; background-size: initial; background-repeat: initial; background-attachment: initial; background-origin: initial; background-clip: initial;\"><span style=\"font-size: 11.5pt;\">Batterie | Adobe Stock, 11570025 \u00a9 Clifford Farrugia<br>Service \u00dcbersichtsseite | Adobe Stock, 257772891 \u00a9 Vlad Chorniy<br>EAR Registrierung | Adobe Stock, 439279926 \u00a9 Olesia_g<br>LUCID Registrierung | Adobe Stock, 138578050 \u00a9 lchumpitaz<br>Mengenmeldung | Adobe Stock, 281556590 \u00a9 gearstd<br>Insolvenzsichere Garantie | Adobe Stock, 257672518 \u00a9 Shi<br>Gesetzliche Vertretungen | Adobe Stock, 260781316 \u00a9 gearstd<br>Pr\u00fcfung &amp; Revision | Adobe Stock, 365044421 \u00a9 fotogestoeber<br>L\u00f6sungen | Adobe Stock, 486642782 \u00a9 Jokiewalker<br>Warum wir | Adobe Stock, 397046942 \u00a9 Inna<br>Kontaktseite | Adobe Stock, 481218545 \u00a9 Tierney<br>Suchergebnisseite | Adobe Stock, 277925293 \u00a9 hakinmhan<br>404 Seite | Adobe Stock, 379758861 \u00a9 NajmiArif<\/span><\/p>\t\t\t\t\t\t\t\t<\/div>\n\t\t\t\t<\/div>\n\t\t\t\t<div class=\"elementor-element elementor-element-3e35979 elementor-widget elementor-widget-text-editor\" data-id=\"3e35979\" data-element_type=\"widget\" data-e-type=\"widget\" data-widget_type=\"text-editor.default\">\n\t\t\t\t<div class=\"elementor-widget-container\">\n\t\t\t\t\t\t\t\t\t<p>Blog:<br>Triman-Logo &amp; \u201einfo-tri\u201c | Pixabay, 160361 \u00a9 OpenClipart-Vectors<br>WEEE Nummer beantragen | Adobe Stock, 325701375 \u00a9 zaie<br>Verpackungsgesetz 2022 \u2013 Das wird dieses Jahr wichtig | Pixabay, 4292933 \u00a9 AbsolutVision<br>Erweiterte Produzentenverantwortung (EPR) und der Brexit &#8211; H\u00e4ndler-Verpflichtungen in Gro\u00dfbritannien | Adobe Stock, 251754180 \u00a9 VectorMine<br>Das neue Elektrogesetz (ElektroG3) &#8211; das m\u00fcssen Sie jetzt wissen | Adobe Stock, 328529856 \u00a9 m.malinika<br>EPR Pflichten im Online-Handel &#8211; Compliance bei Amazon &amp; Co. | Pixabay, 42583 \u00a9 Clker-Free-Vector-Images<br>Was sind systembeteiligungspflichtige Verpackungen? And what not? | Adobe Stock, 371157593 \u00a9 VectorMine<br>WEEE, Verpackung &amp; Batterie &#8211; EPR-Compliance in Kanada und den USA | Adobe Stock, 238167922 \u00a9 metelsky25<br>WEEE, Verpackungs- und Batterieregelungen und Gesetze in den BeNeLux-L\u00e4ndern | Adobe Stock, 188985000 \u00a9 mshch<br>Single Use Plastics &#8211; Neue Pflichten in Polen! | shutterstock, 1248634744 \u00a9 Butenkov Aleksei<\/p>\t\t\t\t\t\t\t\t<\/div>\n\t\t\t\t<\/div>\n\t\t\t\t\t<\/div>\n\t\t<\/div>\n\t\t\t\t\t<\/div>\n\t\t<\/section>\n\t\t\t\t<\/div>\n\t\t","protected":false},"excerpt":{"rendered":"<p>CY Certify GmbHK\u00f6lnstra\u00dfe 23550321 Br\u00fchlGermany Phone: 02131 &#8211; 15 16 17 0E-Mail: info@certify-gmbh.de Board of CEOs:Benedict Conrad, Daniela Sonntag, Thilo RastHRB 116476 Court: CologneVAT ID: DE 330166108 Liability for contents The contents of our pages were created with the utmost care. However, we cannot guarantee the accuracy, completeness and timeliness of the content. As a [&hellip;]<\/p>\n","protected":false},"author":5,"featured_media":0,"parent":0,"menu_order":4,"comment_status":"closed","ping_status":"closed","template":"","meta":{"site-sidebar-layout":"default","site-content-layout":"","ast-site-content-layout":"default","site-content-style":"default","site-sidebar-style":"default","ast-global-header-display":"","ast-banner-title-visibility":"","ast-main-header-display":"","ast-hfb-above-header-display":"","ast-hfb-below-header-display":"","ast-hfb-mobile-header-display":"","site-post-title":"","ast-breadcrumbs-content":"","ast-featured-img":"","footer-sml-layout":"","ast-disable-related-posts":"","theme-transparent-header-meta":"","adv-header-id-meta":"","stick-header-meta":"","header-above-stick-meta":"","header-main-stick-meta":"","header-below-stick-meta":"","astra-migrate-meta-layouts":"default","ast-page-background-enabled":"default","ast-page-background-meta":{"desktop":{"background-color":"var(--ast-global-color-4)","background-image":"","background-repeat":"repeat","background-position":"center center","background-size":"auto","background-attachment":"scroll","background-type":"","background-media":"","overlay-type":"","overlay-color":"","overlay-opacity":"","overlay-gradient":""},"tablet":{"background-color":"","background-image":"","background-repeat":"repeat","background-position":"center center","background-size":"auto","background-attachment":"scroll","background-type":"","background-media":"","overlay-type":"","overlay-color":"","overlay-opacity":"","overlay-gradient":""},"mobile":{"background-color":"","background-image":"","background-repeat":"repeat","background-position":"center center","background-size":"auto","background-attachment":"scroll","background-type":"","background-media":"","overlay-type":"","overlay-color":"","overlay-opacity":"","overlay-gradient":""}},"ast-content-background-meta":{"desktop":{"background-color":"var(--ast-global-color-5)","background-image":"","background-repeat":"repeat","background-position":"center center","background-size":"auto","background-attachment":"scroll","background-type":"","background-media":"","overlay-type":"","overlay-color":"","overlay-opacity":"","overlay-gradient":""},"tablet":{"background-color":"var(--ast-global-color-5)","background-image":"","background-repeat":"repeat","background-position":"center center","background-size":"auto","background-attachment":"scroll","background-type":"","background-media":"","overlay-type":"","overlay-color":"","overlay-opacity":"","overlay-gradient":""},"mobile":{"background-color":"var(--ast-global-color-5)","background-image":"","background-repeat":"repeat","background-position":"center center","background-size":"auto","background-attachment":"scroll","background-type":"","background-media":"","overlay-type":"","overlay-color":"","overlay-opacity":"","overlay-gradient":""}},"footnotes":""},"class_list":["post-2142","page","type-page","status-publish","hentry"],"yoast_head":"<!-- This site is optimized with the Yoast SEO plugin v27.3 - https:\/\/yoast.com\/product\/yoast-seo-wordpress\/ -->\n<title>Imprint CY Certify GmbH<\/title>\n<meta name=\"description\" content=\"CY Certify GmbH, Kreitzweg 14, 41472 Neuss, Germany | Phone: +49 2131 \u2013 53 94 680 | E-Mail: info@certify-gmbh.de\" \/>\n<meta name=\"robots\" content=\"index, follow, max-snippet:-1, max-image-preview:large, max-video-preview:-1\" \/>\n<link rel=\"canonical\" href=\"https:\/\/www.certify-gmbh.de\/en\/imprint\/\" \/>\n<meta property=\"og:locale\" content=\"en_US\" \/>\n<meta property=\"og:type\" content=\"article\" \/>\n<meta property=\"og:title\" content=\"Imprint CY Certify GmbH\" \/>\n<meta property=\"og:description\" content=\"CY Certify GmbH, Kreitzweg 14, 41472 Neuss, Germany | Phone: +49 2131 \u2013 53 94 680 | E-Mail: info@certify-gmbh.de\" \/>\n<meta property=\"og:url\" content=\"https:\/\/www.certify-gmbh.de\/en\/imprint\/\" \/>\n<meta property=\"og:site_name\" content=\"CY Certify GmbH\" \/>\n<meta property=\"article:modified_time\" content=\"2026-02-27T15:38:38+00:00\" \/>\n<meta name=\"twitter:card\" content=\"summary_large_image\" \/>\n<meta name=\"twitter:label1\" content=\"Est. reading time\" \/>\n\t<meta name=\"twitter:data1\" content=\"3 minutes\" \/>\n<script type=\"application\/ld+json\" class=\"yoast-schema-graph\">{\"@context\":\"https:\\\/\\\/schema.org\",\"@graph\":[{\"@type\":\"WebPage\",\"@id\":\"https:\\\/\\\/www.certify-gmbh.de\\\/en\\\/imprint\\\/\",\"url\":\"https:\\\/\\\/www.certify-gmbh.de\\\/en\\\/imprint\\\/\",\"name\":\"Imprint CY Certify GmbH\",\"isPartOf\":{\"@id\":\"https:\\\/\\\/www.certify-gmbh.de\\\/#website\"},\"datePublished\":\"2022-02-15T13:21:38+00:00\",\"dateModified\":\"2026-02-27T15:38:38+00:00\",\"description\":\"CY Certify GmbH, Kreitzweg 14, 41472 Neuss, Germany | Phone: +49 2131 \u2013 53 94 680 | E-Mail: info@certify-gmbh.de\",\"breadcrumb\":{\"@id\":\"https:\\\/\\\/www.certify-gmbh.de\\\/en\\\/imprint\\\/#breadcrumb\"},\"inLanguage\":\"en-US\",\"potentialAction\":[{\"@type\":\"ReadAction\",\"target\":[\"https:\\\/\\\/www.certify-gmbh.de\\\/en\\\/imprint\\\/\"]}]},{\"@type\":\"BreadcrumbList\",\"@id\":\"https:\\\/\\\/www.certify-gmbh.de\\\/en\\\/imprint\\\/#breadcrumb\",\"itemListElement\":[{\"@type\":\"ListItem\",\"position\":1,\"name\":\"Startseite\",\"item\":\"https:\\\/\\\/www.certify-gmbh.de\\\/\"},{\"@type\":\"ListItem\",\"position\":2,\"name\":\"Imprint\"}]},{\"@type\":\"WebSite\",\"@id\":\"https:\\\/\\\/www.certify-gmbh.de\\\/#website\",\"url\":\"https:\\\/\\\/www.certify-gmbh.de\\\/\",\"name\":\"CY Certify GmbH\",\"description\":\"Full-Service EPR solutions\",\"publisher\":{\"@id\":\"https:\\\/\\\/www.certify-gmbh.de\\\/#organization\"},\"potentialAction\":[{\"@type\":\"SearchAction\",\"target\":{\"@type\":\"EntryPoint\",\"urlTemplate\":\"https:\\\/\\\/www.certify-gmbh.de\\\/?s={search_term_string}\"},\"query-input\":{\"@type\":\"PropertyValueSpecification\",\"valueRequired\":true,\"valueName\":\"search_term_string\"}}],\"inLanguage\":\"en-US\"},{\"@type\":\"Organization\",\"@id\":\"https:\\\/\\\/www.certify-gmbh.de\\\/#organization\",\"name\":\"| Certify GmbH\",\"url\":\"https:\\\/\\\/www.certify-gmbh.de\\\/\",\"logo\":{\"@type\":\"ImageObject\",\"inLanguage\":\"en-US\",\"@id\":\"https:\\\/\\\/www.certify-gmbh.de\\\/#\\\/schema\\\/logo\\\/image\\\/\",\"url\":\"https:\\\/\\\/www.certify-gmbh.de\\\/wp-content\\\/uploads\\\/2022\\\/02\\\/certify-logo.png\",\"contentUrl\":\"https:\\\/\\\/www.certify-gmbh.de\\\/wp-content\\\/uploads\\\/2022\\\/02\\\/certify-logo.png\",\"width\":490,\"height\":58,\"caption\":\"| Certify GmbH\"},\"image\":{\"@id\":\"https:\\\/\\\/www.certify-gmbh.de\\\/#\\\/schema\\\/logo\\\/image\\\/\"}}]}<\/script>\n<!-- \/ Yoast SEO plugin. -->","yoast_head_json":{"title":"Imprint CY Certify GmbH","description":"CY Certify GmbH, Kreitzweg 14, 41472 Neuss, Germany | Phone: +49 2131 \u2013 53 94 680 | E-Mail: info@certify-gmbh.de","robots":{"index":"index","follow":"follow","max-snippet":"max-snippet:-1","max-image-preview":"max-image-preview:large","max-video-preview":"max-video-preview:-1"},"canonical":"https:\/\/www.certify-gmbh.de\/en\/imprint\/","og_locale":"en_US","og_type":"article","og_title":"Imprint CY Certify GmbH","og_description":"CY Certify GmbH, Kreitzweg 14, 41472 Neuss, Germany | Phone: +49 2131 \u2013 53 94 680 | E-Mail: info@certify-gmbh.de","og_url":"https:\/\/www.certify-gmbh.de\/en\/imprint\/","og_site_name":"CY Certify GmbH","article_modified_time":"2026-02-27T15:38:38+00:00","twitter_card":"summary_large_image","twitter_misc":{"Est. reading time":"3 minutes"},"schema":{"@context":"https:\/\/schema.org","@graph":[{"@type":"WebPage","@id":"https:\/\/www.certify-gmbh.de\/en\/imprint\/","url":"https:\/\/www.certify-gmbh.de\/en\/imprint\/","name":"Imprint CY Certify GmbH","isPartOf":{"@id":"https:\/\/www.certify-gmbh.de\/#website"},"datePublished":"2022-02-15T13:21:38+00:00","dateModified":"2026-02-27T15:38:38+00:00","description":"CY Certify GmbH, Kreitzweg 14, 41472 Neuss, Germany | Phone: +49 2131 \u2013 53 94 680 | E-Mail: info@certify-gmbh.de","breadcrumb":{"@id":"https:\/\/www.certify-gmbh.de\/en\/imprint\/#breadcrumb"},"inLanguage":"en-US","potentialAction":[{"@type":"ReadAction","target":["https:\/\/www.certify-gmbh.de\/en\/imprint\/"]}]},{"@type":"BreadcrumbList","@id":"https:\/\/www.certify-gmbh.de\/en\/imprint\/#breadcrumb","itemListElement":[{"@type":"ListItem","position":1,"name":"Startseite","item":"https:\/\/www.certify-gmbh.de\/"},{"@type":"ListItem","position":2,"name":"Imprint"}]},{"@type":"WebSite","@id":"https:\/\/www.certify-gmbh.de\/#website","url":"https:\/\/www.certify-gmbh.de\/","name":"CY Certify GmbH","description":"Full-Service EPR solutions","publisher":{"@id":"https:\/\/www.certify-gmbh.de\/#organization"},"potentialAction":[{"@type":"SearchAction","target":{"@type":"EntryPoint","urlTemplate":"https:\/\/www.certify-gmbh.de\/?s={search_term_string}"},"query-input":{"@type":"PropertyValueSpecification","valueRequired":true,"valueName":"search_term_string"}}],"inLanguage":"en-US"},{"@type":"Organization","@id":"https:\/\/www.certify-gmbh.de\/#organization","name":"| Certify GmbH","url":"https:\/\/www.certify-gmbh.de\/","logo":{"@type":"ImageObject","inLanguage":"en-US","@id":"https:\/\/www.certify-gmbh.de\/#\/schema\/logo\/image\/","url":"https:\/\/www.certify-gmbh.de\/wp-content\/uploads\/2022\/02\/certify-logo.png","contentUrl":"https:\/\/www.certify-gmbh.de\/wp-content\/uploads\/2022\/02\/certify-logo.png","width":490,"height":58,"caption":"| Certify GmbH"},"image":{"@id":"https:\/\/www.certify-gmbh.de\/#\/schema\/logo\/image\/"}}]}},"_links":{"self":[{"href":"https:\/\/www.certify-gmbh.de\/en\/wp-json\/wp\/v2\/pages\/2142","targetHints":{"allow":["GET"]}}],"collection":[{"href":"https:\/\/www.certify-gmbh.de\/en\/wp-json\/wp\/v2\/pages"}],"about":[{"href":"https:\/\/www.certify-gmbh.de\/en\/wp-json\/wp\/v2\/types\/page"}],"author":[{"embeddable":true,"href":"https:\/\/www.certify-gmbh.de\/en\/wp-json\/wp\/v2\/users\/5"}],"replies":[{"embeddable":true,"href":"https:\/\/www.certify-gmbh.de\/en\/wp-json\/wp\/v2\/comments?post=2142"}],"version-history":[{"count":43,"href":"https:\/\/www.certify-gmbh.de\/en\/wp-json\/wp\/v2\/pages\/2142\/revisions"}],"predecessor-version":[{"id":6048,"href":"https:\/\/www.certify-gmbh.de\/en\/wp-json\/wp\/v2\/pages\/2142\/revisions\/6048"}],"wp:attachment":[{"href":"https:\/\/www.certify-gmbh.de\/en\/wp-json\/wp\/v2\/media?parent=2142"}],"curies":[{"name":"wp","href":"https:\/\/api.w.org\/{rel}","templated":true}]}}